{"id":108,"date":"2019-11-06T20:38:28","date_gmt":"2019-11-06T20:38:28","guid":{"rendered":"http:\/\/localhost\/pagWord\/?page_id=108"},"modified":"2019-11-06T20:42:24","modified_gmt":"2019-11-06T20:42:24","slug":"asesoria-financiera","status":"publish","type":"page","link":"https:\/\/www.nysconsultoria.com.mx\/index.php\/asesoria-financiera\/","title":{"rendered":"Asesor\u00eda Financiera"},"content":{"rendered":"\t\t<div data-elementor-type=\"wp-page\" data-elementor-id=\"108\" class=\"elementor elementor-108\" data-elementor-settings=\"[]\">\n\t\t\t<div class=\"elementor-inner\">\n\t\t\t\t<div class=\"elementor-section-wrap\">\n\t\t\t\t\t\t\t<section class=\"elementor-element elementor-element-13a2cad elementor-section-boxed elementor-section-height-default elementor-section-height-default elementor-section elementor-top-section\" data-id=\"13a2cad\" data-element_type=\"section\">\n\t\t\t\t\t\t<div class=\"elementor-container elementor-column-gap-default\">\n\t\t\t\t<div class=\"elementor-row\">\n\t\t\t\t<div class=\"elementor-element elementor-element-fce1595 elementor-column elementor-col-100 elementor-top-column\" data-id=\"fce1595\" data-element_type=\"column\">\n\t\t\t<div class=\"elementor-column-wrap  elementor-element-populated\">\n\t\t\t\t\t<div class=\"elementor-widget-wrap\">\n\t\t\t\t<section class=\"elementor-element elementor-element-78c9747 elementor-section-boxed elementor-section-height-default elementor-section-height-default elementor-section elementor-inner-section\" data-id=\"78c9747\" data-element_type=\"section\">\n\t\t\t\t\t\t<div class=\"elementor-container elementor-column-gap-default\">\n\t\t\t\t<div class=\"elementor-row\">\n\t\t\t\t<div class=\"elementor-element elementor-element-8a582e1 elementor-column elementor-col-50 elementor-inner-column\" data-id=\"8a582e1\" data-element_type=\"column\">\n\t\t\t<div class=\"elementor-column-wrap  elementor-element-populated\">\n\t\t\t\t\t<div class=\"elementor-widget-wrap\">\n\t\t\t\t<div class=\"elementor-element elementor-element-e2d3c49 elementor-widget elementor-widget-image\" data-id=\"e2d3c49\" data-element_type=\"widget\" data-widget_type=\"image.default\">\n\t\t\t\t<div class=\"elementor-widget-container\">\n\t\t\t\t\t<div class=\"elementor-image\">\n\t\t\t\t\t\t\t\t\t\t<img width=\"262\" height=\"192\" src=\"https:\/\/www.nysconsultoria.com.mx\/wp-content\/uploads\/2019\/11\/finanzas2.jpg\" class=\"attachment-large size-large\" alt=\"\" loading=\"lazy\" \/>\t\t\t\t\t\t\t\t\t\t\t<\/div>\n\t\t\t\t<\/div>\n\t\t\t\t<\/div>\n\t\t\t\t\t\t<\/div>\n\t\t\t<\/div>\n\t\t<\/div>\n\t\t\t\t<div class=\"elementor-element elementor-element-73eb58a elementor-column elementor-col-50 elementor-inner-column\" data-id=\"73eb58a\" data-element_type=\"column\">\n\t\t\t<div class=\"elementor-column-wrap  elementor-element-populated\">\n\t\t\t\t\t<div class=\"elementor-widget-wrap\">\n\t\t\t\t<div class=\"elementor-element elementor-element-07ede53 elementor-widget elementor-widget-text-editor\" data-id=\"07ede53\" data-element_type=\"widget\" data-widget_type=\"text-editor.default\">\n\t\t\t\t<div class=\"elementor-widget-container\">\n\t\t\t\t\t<div class=\"elementor-text-editor elementor-clearfix\"><h1 data-fontsize=\"34\" data-lineheight=\"48\"><span style=\"color: #bfd333;\">Asesor\u00eda Financiera<\/span><\/h1><p>Contamos con expertos en el \u00e1rea fiscal, que nos permite asesorar a nuestros clientes, nuestros servicios fiscales, incluyen la asesor\u00eda en tr\u00e1mites legales ante las diferentes dependencias gubernamentales, la asesor\u00eda en la preparaci\u00f3n de recursos de revocaci\u00f3n y solicitudes de confirmaci\u00f3n de criterios.<\/p><\/div>\n\t\t\t\t<\/div>\n\t\t\t\t<\/div>\n\t\t\t\t\t\t<\/div>\n\t\t\t<\/div>\n\t\t<\/div>\n\t\t\t\t\t\t<\/div>\n\t\t\t<\/div>\n\t\t<\/section>\n\t\t\t\t\t\t<\/div>\n\t\t\t<\/div>\n\t\t<\/div>\n\t\t\t\t\t\t<\/div>\n\t\t\t<\/div>\n\t\t<\/section>\n\t\t\t\t<section class=\"elementor-element elementor-element-191d190 elementor-section-boxed elementor-section-height-default elementor-section-height-default elementor-section elementor-top-section\" data-id=\"191d190\" data-element_type=\"section\">\n\t\t\t\t\t\t<div class=\"elementor-container elementor-column-gap-default\">\n\t\t\t\t<div class=\"elementor-row\">\n\t\t\t\t<div class=\"elementor-element elementor-element-727a58e elementor-column elementor-col-100 elementor-top-column\" data-id=\"727a58e\" data-element_type=\"column\">\n\t\t\t<div class=\"elementor-column-wrap  elementor-element-populated\">\n\t\t\t\t\t<div class=\"elementor-widget-wrap\">\n\t\t\t\t<div class=\"elementor-element elementor-element-d4963b6 elementor-widget elementor-widget-divider\" data-id=\"d4963b6\" data-element_type=\"widget\" data-widget_type=\"divider.default\">\n\t\t\t\t<div class=\"elementor-widget-container\">\n\t\t\t\t\t<div class=\"elementor-divider\">\n\t\t\t<span class=\"elementor-divider-separator\">\n\t\t\t\t\t\t<\/span>\n\t\t<\/div>\n\t\t\t\t<\/div>\n\t\t\t\t<\/div>\n\t\t\t\t\t\t<\/div>\n\t\t\t<\/div>\n\t\t<\/div>\n\t\t\t\t\t\t<\/div>\n\t\t\t<\/div>\n\t\t<\/section>\n\t\t\t\t<section class=\"elementor-element elementor-element-b0a0fdf elementor-section-boxed elementor-section-height-default elementor-section-height-default elementor-section elementor-top-section\" data-id=\"b0a0fdf\" data-element_type=\"section\">\n\t\t\t\t\t\t<div class=\"elementor-container elementor-column-gap-default\">\n\t\t\t\t<div class=\"elementor-row\">\n\t\t\t\t<div class=\"elementor-element elementor-element-59e881a elementor-column elementor-col-100 elementor-top-column\" data-id=\"59e881a\" data-element_type=\"column\">\n\t\t\t<div class=\"elementor-column-wrap  elementor-element-populated\">\n\t\t\t\t\t<div class=\"elementor-widget-wrap\">\n\t\t\t\t<section class=\"elementor-element elementor-element-a1c9dad elementor-section-boxed elementor-section-height-default elementor-section-height-default elementor-section elementor-inner-section\" data-id=\"a1c9dad\" data-element_type=\"section\">\n\t\t\t\t\t\t<div class=\"elementor-container elementor-column-gap-default\">\n\t\t\t\t<div class=\"elementor-row\">\n\t\t\t\t<div class=\"elementor-element elementor-element-d52cc82 elementor-column elementor-col-50 elementor-inner-column\" data-id=\"d52cc82\" data-element_type=\"column\">\n\t\t\t<div class=\"elementor-column-wrap  elementor-element-populated\">\n\t\t\t\t\t<div class=\"elementor-widget-wrap\">\n\t\t\t\t<div class=\"elementor-element elementor-element-5e2e844 elementor-widget elementor-widget-text-editor\" data-id=\"5e2e844\" data-element_type=\"widget\" data-widget_type=\"text-editor.default\">\n\t\t\t\t<div class=\"elementor-widget-container\">\n\t\t\t\t\t<div class=\"elementor-text-editor elementor-clearfix\"><h1 data-fontsize=\"34\" data-lineheight=\"48\"><span style=\"color: #bfd333;\">Servicios<\/span><\/h1><ul><li>Dictamen Fiscal Federal.<\/li><li>Dictamen IMSS.<\/li><li>Dictamen INFONAVIT.<\/li><li>Dictamen de Contribuciones Locales para el D.F.<\/li><li>Dictamen del Impuesto sobre N\u00f3minas del Estado de M\u00e9xico.<\/li><li>Asesor\u00eda Contable Fiscal y Administrativa.<\/li><li>Servicios de Outsoursing.<\/li><li>Contabilidad General.<\/li><li>Planeaci\u00f3n Fiscal.<\/li><li>Servicios a Peque\u00f1as y Medianas Empresas (PYMES) en toda la Rep\u00fablica.<\/li><li>Ponemos al servicio de Peque\u00f1as y Medianas Empresas (PYMES) los siguientes servicios:<ul><li>Contabilidad General e impuestos, (Personas F\u00edsicas y Morales)<\/li><li>Contabilidad Gral. v\u00eda internet M\u00e9xico, D.F. a toda la Rep\u00fablica.<\/li><li>C\u00e1lculo y determinaci\u00f3n de n\u00f3minas, pagos IMSS, INFONAVIT.<\/li><li>Determinaci\u00f3n y c\u00e1lculo de impuestos federales y estatales.<\/li><li>Asesor\u00eda contable, fiscal y administrativa.<\/li><li>Compromiso\u00a0y premisas b\u00e1sicas.<\/li><\/ul><\/li><\/ul><\/div>\n\t\t\t\t<\/div>\n\t\t\t\t<\/div>\n\t\t\t\t\t\t<\/div>\n\t\t\t<\/div>\n\t\t<\/div>\n\t\t\t\t<div class=\"elementor-element elementor-element-929393b elementor-column elementor-col-50 elementor-inner-column\" data-id=\"929393b\" data-element_type=\"column\">\n\t\t\t<div class=\"elementor-column-wrap  elementor-element-populated\">\n\t\t\t\t\t<div class=\"elementor-widget-wrap\">\n\t\t\t\t<div class=\"elementor-element elementor-element-bdad1f6 elementor-widget elementor-widget-spacer\" data-id=\"bdad1f6\" data-element_type=\"widget\" data-widget_type=\"spacer.default\">\n\t\t\t\t<div class=\"elementor-widget-container\">\n\t\t\t\t\t<div class=\"elementor-spacer\">\n\t\t\t<div class=\"elementor-spacer-inner\"><\/div>\n\t\t<\/div>\n\t\t\t\t<\/div>\n\t\t\t\t<\/div>\n\t\t\t\t<div class=\"elementor-element elementor-element-f0f0b47 elementor-widget elementor-widget-image\" data-id=\"f0f0b47\" data-element_type=\"widget\" data-widget_type=\"image.default\">\n\t\t\t\t<div class=\"elementor-widget-container\">\n\t\t\t\t\t<div class=\"elementor-image\">\n\t\t\t\t\t\t\t\t\t\t<img width=\"328\" height=\"154\" src=\"https:\/\/www.nysconsultoria.com.mx\/wp-content\/uploads\/2019\/11\/finanzas3.jpg\" class=\"attachment-large size-large\" alt=\"\" loading=\"lazy\" srcset=\"https:\/\/www.nysconsultoria.com.mx\/wp-content\/uploads\/2019\/11\/finanzas3.jpg 328w, https:\/\/www.nysconsultoria.com.mx\/wp-content\/uploads\/2019\/11\/finanzas3-300x141.jpg 300w\" sizes=\"(max-width: 328px) 100vw, 328px\" \/>\t\t\t\t\t\t\t\t\t\t\t<\/div>\n\t\t\t\t<\/div>\n\t\t\t\t<\/div>\n\t\t\t\t<div class=\"elementor-element elementor-element-7b2a171 elementor-widget elementor-widget-spacer\" data-id=\"7b2a171\" data-element_type=\"widget\" data-widget_type=\"spacer.default\">\n\t\t\t\t<div class=\"elementor-widget-container\">\n\t\t\t\t\t<div class=\"elementor-spacer\">\n\t\t\t<div class=\"elementor-spacer-inner\"><\/div>\n\t\t<\/div>\n\t\t\t\t<\/div>\n\t\t\t\t<\/div>\n\t\t\t\t<div class=\"elementor-element elementor-element-cb3f0f8 elementor-widget elementor-widget-spacer\" data-id=\"cb3f0f8\" data-element_type=\"widget\" data-widget_type=\"spacer.default\">\n\t\t\t\t<div class=\"elementor-widget-container\">\n\t\t\t\t\t<div class=\"elementor-spacer\">\n\t\t\t<div class=\"elementor-spacer-inner\"><\/div>\n\t\t<\/div>\n\t\t\t\t<\/div>\n\t\t\t\t<\/div>\n\t\t\t\t<div class=\"elementor-element elementor-element-c6bae0d elementor-widget elementor-widget-image\" data-id=\"c6bae0d\" data-element_type=\"widget\" data-widget_type=\"image.default\">\n\t\t\t\t<div class=\"elementor-widget-container\">\n\t\t\t\t\t<div class=\"elementor-image\">\n\t\t\t\t\t\t\t\t\t\t<img width=\"353\" height=\"143\" src=\"https:\/\/www.nysconsultoria.com.mx\/wp-content\/uploads\/2019\/11\/finanzas1.jpg\" class=\"attachment-large size-large\" alt=\"\" loading=\"lazy\" srcset=\"https:\/\/www.nysconsultoria.com.mx\/wp-content\/uploads\/2019\/11\/finanzas1.jpg 353w, https:\/\/www.nysconsultoria.com.mx\/wp-content\/uploads\/2019\/11\/finanzas1-300x122.jpg 300w\" sizes=\"(max-width: 353px) 100vw, 353px\" \/>\t\t\t\t\t\t\t\t\t\t\t<\/div>\n\t\t\t\t<\/div>\n\t\t\t\t<\/div>\n\t\t\t\t\t\t<\/div>\n\t\t\t<\/div>\n\t\t<\/div>\n\t\t\t\t\t\t<\/div>\n\t\t\t<\/div>\n\t\t<\/section>\n\t\t\t\t\t\t<\/div>\n\t\t\t<\/div>\n\t\t<\/div>\n\t\t\t\t\t\t<\/div>\n\t\t\t<\/div>\n\t\t<\/section>\n\t\t\t\t\t\t<\/div>\n\t\t\t<\/div>\n\t\t<\/div>\n\t\t","protected":false},"excerpt":{"rendered":"<p>Asesor\u00eda Financiera Contamos con expertos en el \u00e1rea fiscal, que nos permite asesorar a nuestros clientes, nuestros servicios fiscales, incluyen la asesor\u00eda en tr\u00e1mites legales ante las diferentes dependencias gubernamentales, la asesor\u00eda en la preparaci\u00f3n de recursos de revocaci\u00f3n y solicitudes de confirmaci\u00f3n de criterios. Servicios Dictamen Fiscal Federal. Dictamen IMSS. Dictamen INFONAVIT. Dictamen de [&hellip;]<\/p>\n","protected":false},"author":1,"featured_media":0,"parent":0,"menu_order":0,"comment_status":"closed","ping_status":"closed","template":"","meta":[],"_links":{"self":[{"href":"https:\/\/www.nysconsultoria.com.mx\/index.php\/wp-json\/wp\/v2\/pages\/108"}],"collection":[{"href":"https:\/\/www.nysconsultoria.com.mx\/index.php\/wp-json\/wp\/v2\/pages"}],"about":[{"href":"https:\/\/www.nysconsultoria.com.mx\/index.php\/wp-json\/wp\/v2\/types\/page"}],"author":[{"embeddable":true,"href":"https:\/\/www.nysconsultoria.com.mx\/index.php\/wp-json\/wp\/v2\/users\/1"}],"replies":[{"embeddable":true,"href":"https:\/\/www.nysconsultoria.com.mx\/index.php\/wp-json\/wp\/v2\/comments?post=108"}],"version-history":[{"count":2,"href":"https:\/\/www.nysconsultoria.com.mx\/index.php\/wp-json\/wp\/v2\/pages\/108\/revisions"}],"predecessor-version":[{"id":113,"href":"https:\/\/www.nysconsultoria.com.mx\/index.php\/wp-json\/wp\/v2\/pages\/108\/revisions\/113"}],"wp:attachment":[{"href":"https:\/\/www.nysconsultoria.com.mx\/index.php\/wp-json\/wp\/v2\/media?parent=108"}],"curies":[{"name":"wp","href":"https:\/\/api.w.org\/{rel}","templated":true}]}}